{"id":10,"date":"2018-11-25T17:13:41","date_gmt":"2018-11-25T16:13:41","guid":{"rendered":"http:\/\/concertkabyle.fr\/?page_id=10"},"modified":"2026-01-01T19:10:04","modified_gmt":"2026-01-01T18:10:04","slug":"concerts-evenements-kabyles","status":"publish","type":"page","link":"https:\/\/concertkabyle.fr\/index.php\/concerts-evenements-kabyles\/","title":{"rendered":"Concerts-\u00c9v\u00e9nements"},"content":{"rendered":"<div class=\"wp-block-image\">\n<figure class=\"aligncenter\"><img loading=\"lazy\" decoding=\"async\" width=\"450\" height=\"140\" src=\"https:\/\/concertkabyle.fr\/wp-content\/uploads\/2019\/01\/S948958438E.png\" alt=\"\" class=\"wp-image-374\" srcset=\"https:\/\/concertkabyle.fr\/wp-content\/uploads\/2019\/01\/S948958438E.png 450w, https:\/\/concertkabyle.fr\/wp-content\/uploads\/2019\/01\/S948958438E-300x93.png 300w\" sizes=\"auto, (max-width: 450px) 100vw, 450px\" \/><\/figure>\n<\/div>\n\n\n<ul class=\"wp-block-social-links aligncenter is-style-pill-shape is-layout-flex wp-block-social-links-is-layout-flex\"><li class=\"wp-social-link wp-social-link-facebook  wp-block-social-link\"><a href=\"https:\/\/www.facebook.com\/TousLesConcertsKabyles\" class=\"wp-block-social-link-anchor\"><svg width=\"24\" height=\"24\" viewBox=\"0 0 24 24\" version=\"1.1\" xmlns=\"http:\/\/www.w3.org\/2000\/svg\" aria-hidden=\"true\" focusable=\"false\"><path d=\"M12 2C6.5 2 2 6.5 2 12c0 5 3.7 9.1 8.4 9.9v-7H7.9V12h2.5V9.8c0-2.5 1.5-3.9 3.8-3.9 1.1 0 2.2.2 2.2.2v2.5h-1.3c-1.2 0-1.6.8-1.6 1.6V12h2.8l-.4 2.9h-2.3v7C18.3 21.1 22 17 22 12c0-5.5-4.5-10-10-10z\"><\/path><\/svg><span class=\"wp-block-social-link-label screen-reader-text\">Facebook<\/span><\/a><\/li>\n\n<li class=\"wp-social-link wp-social-link-instagram  wp-block-social-link\"><a href=\"https:\/\/www.instagram.com\/tous_les_concerts_kabyles\/?hl=fr\" class=\"wp-block-social-link-anchor\"><svg width=\"24\" height=\"24\" viewBox=\"0 0 24 24\" version=\"1.1\" xmlns=\"http:\/\/www.w3.org\/2000\/svg\" aria-hidden=\"true\" focusable=\"false\"><path d=\"M12,4.622c2.403,0,2.688,0.009,3.637,0.052c0.877,0.04,1.354,0.187,1.671,0.31c0.42,0.163,0.72,0.358,1.035,0.673 c0.315,0.315,0.51,0.615,0.673,1.035c0.123,0.317,0.27,0.794,0.31,1.671c0.043,0.949,0.052,1.234,0.052,3.637 s-0.009,2.688-0.052,3.637c-0.04,0.877-0.187,1.354-0.31,1.671c-0.163,0.42-0.358,0.72-0.673,1.035 c-0.315,0.315-0.615,0.51-1.035,0.673c-0.317,0.123-0.794,0.27-1.671,0.31c-0.949,0.043-1.233,0.052-3.637,0.052 s-2.688-0.009-3.637-0.052c-0.877-0.04-1.354-0.187-1.671-0.31c-0.42-0.163-0.72-0.358-1.035-0.673 c-0.315-0.315-0.51-0.615-0.673-1.035c-0.123-0.317-0.27-0.794-0.31-1.671C4.631,14.688,4.622,14.403,4.622,12 s0.009-2.688,0.052-3.637c0.04-0.877,0.187-1.354,0.31-1.671c0.163-0.42,0.358-0.72,0.673-1.035 c0.315-0.315,0.615-0.51,1.035-0.673c0.317-0.123,0.794-0.27,1.671-0.31C9.312,4.631,9.597,4.622,12,4.622 M12,3 C9.556,3,9.249,3.01,8.289,3.054C7.331,3.098,6.677,3.25,6.105,3.472C5.513,3.702,5.011,4.01,4.511,4.511 c-0.5,0.5-0.808,1.002-1.038,1.594C3.25,6.677,3.098,7.331,3.054,8.289C3.01,9.249,3,9.556,3,12c0,2.444,0.01,2.751,0.054,3.711 c0.044,0.958,0.196,1.612,0.418,2.185c0.23,0.592,0.538,1.094,1.038,1.594c0.5,0.5,1.002,0.808,1.594,1.038 c0.572,0.222,1.227,0.375,2.185,0.418C9.249,20.99,9.556,21,12,21s2.751-0.01,3.711-0.054c0.958-0.044,1.612-0.196,2.185-0.418 c0.592-0.23,1.094-0.538,1.594-1.038c0.5-0.5,0.808-1.002,1.038-1.594c0.222-0.572,0.375-1.227,0.418-2.185 C20.99,14.751,21,14.444,21,12s-0.01-2.751-0.054-3.711c-0.044-0.958-0.196-1.612-0.418-2.185c-0.23-0.592-0.538-1.094-1.038-1.594 c-0.5-0.5-1.002-0.808-1.594-1.038c-0.572-0.222-1.227-0.375-2.185-0.418C14.751,3.01,14.444,3,12,3L12,3z M12,7.378 c-2.552,0-4.622,2.069-4.622,4.622S9.448,16.622,12,16.622s4.622-2.069,4.622-4.622S14.552,7.378,12,7.378z M12,15 c-1.657,0-3-1.343-3-3s1.343-3,3-3s3,1.343,3,3S13.657,15,12,15z M16.804,6.116c-0.596,0-1.08,0.484-1.08,1.08 s0.484,1.08,1.08,1.08c0.596,0,1.08-0.484,1.08-1.08S17.401,6.116,16.804,6.116z\"><\/path><\/svg><span class=\"wp-block-social-link-label screen-reader-text\">Instagram<\/span><\/a><\/li>\n\n<li class=\"wp-social-link wp-social-link-youtube  wp-block-social-link\"><a href=\"https:\/\/www.youtube.com\/c\/TousLesConcertsKabyles?sub_confirmation=1\" class=\"wp-block-social-link-anchor\"><svg width=\"24\" height=\"24\" viewBox=\"0 0 24 24\" version=\"1.1\" xmlns=\"http:\/\/www.w3.org\/2000\/svg\" aria-hidden=\"true\" focusable=\"false\"><path d=\"M21.8,8.001c0,0-0.195-1.378-0.795-1.985c-0.76-0.797-1.613-0.801-2.004-0.847c-2.799-0.202-6.997-0.202-6.997-0.202 h-0.009c0,0-4.198,0-6.997,0.202C4.608,5.216,3.756,5.22,2.995,6.016C2.395,6.623,2.2,8.001,2.2,8.001S2,9.62,2,11.238v1.517 c0,1.618,0.2,3.237,0.2,3.237s0.195,1.378,0.795,1.985c0.761,0.797,1.76,0.771,2.205,0.855c1.6,0.153,6.8,0.201,6.8,0.201 s4.203-0.006,7.001-0.209c0.391-0.047,1.243-0.051,2.004-0.847c0.6-0.607,0.795-1.985,0.795-1.985s0.2-1.618,0.2-3.237v-1.517 C22,9.62,21.8,8.001,21.8,8.001z M9.935,14.594l-0.001-5.62l5.404,2.82L9.935,14.594z\"><\/path><\/svg><span class=\"wp-block-social-link-label screen-reader-text\">YouTube<\/span><\/a><\/li>\n\n<li class=\"wp-social-link wp-social-link-mail  wp-block-social-link\"><a href=\"mailto:c&#111;&#110;certka&#098;yl&#101;75&#064;&#103;&#109;&#097;&#105;l&#046;c&#111;&#109;\" class=\"wp-block-social-link-anchor\"><svg width=\"24\" height=\"24\" viewBox=\"0 0 24 24\" version=\"1.1\" xmlns=\"http:\/\/www.w3.org\/2000\/svg\" aria-hidden=\"true\" focusable=\"false\"><path d=\"M19,5H5c-1.1,0-2,.9-2,2v10c0,1.1.9,2,2,2h14c1.1,0,2-.9,2-2V7c0-1.1-.9-2-2-2zm.5,12c0,.3-.2.5-.5.5H5c-.3,0-.5-.2-.5-.5V9.8l7.5,5.6,7.5-5.6V17zm0-9.1L12,13.6,4.5,7.9V7c0-.3.2-.5.5-.5h14c.3,0,.5.2.5.5v.9z\"><\/path><\/svg><span class=\"wp-block-social-link-label screen-reader-text\">E-mail<\/span><\/a><\/li><\/ul>\n\n\n\n<figure class=\"wp-block-image size-large is-resized\"><img loading=\"lazy\" decoding=\"async\" width=\"1024\" height=\"1024\" src=\"https:\/\/concertkabyle.fr\/wp-content\/uploads\/2026\/01\/1702835702635-1024x1024.jpg\" alt=\"\" class=\"wp-image-1926\" style=\"width:838px;height:auto\" srcset=\"https:\/\/concertkabyle.fr\/wp-content\/uploads\/2026\/01\/1702835702635-1024x1024.jpg 1024w, https:\/\/concertkabyle.fr\/wp-content\/uploads\/2026\/01\/1702835702635-300x300.jpg 300w, https:\/\/concertkabyle.fr\/wp-content\/uploads\/2026\/01\/1702835702635-150x150.jpg 150w, https:\/\/concertkabyle.fr\/wp-content\/uploads\/2026\/01\/1702835702635-768x768.jpg 768w, https:\/\/concertkabyle.fr\/wp-content\/uploads\/2026\/01\/1702835702635.jpg 1080w\" sizes=\"auto, (max-width: 1024px) 100vw, 1024px\" \/><\/figure>\n\n\n\n<p><\/p>\n","protected":false},"excerpt":{"rendered":"","protected":false},"author":2,"featured_media":668,"parent":0,"menu_order":0,"comment_status":"open","ping_status":"closed","template":"","meta":{"footnotes":""},"class_list":["post-10","page","type-page","status-publish","has-post-thumbnail","hentry"],"yoast_head":"<!-- This site is optimized with the Yoast SEO plugin v27.4 - https:\/\/yoast.com\/product\/yoast-seo-wordpress\/ -->\n<title>Concerts-\u00c9v\u00e9nements - CONCERT KABYLE.FR \u2d63<\/title>\n<meta name=\"description\" content=\"Tous Les Concerts &amp; \u00c9v\u00e9nements Kabyles CONCERT KABYLE.FR \u2d63 CONCERT KABYLE.FR \u2d63 CONCERT KABYLE.FR \u2d63 CONCERT KABYLE.FR \u2d63\" \/>\n<meta name=\"robots\" content=\"index, follow, max-snippet:-1, max-image-preview:large, max-video-preview:-1\" \/>\n<link rel=\"canonical\" href=\"https:\/\/concertkabyle.fr\/index.php\/concerts-evenements-kabyles\/\" \/>\n<meta property=\"og:locale\" content=\"fr_FR\" \/>\n<meta property=\"og:type\" content=\"article\" \/>\n<meta property=\"og:title\" content=\"concert Kabyle Dimanche 21 novembre 2021 \u00e0 16h au casino de paris\" \/>\n<meta property=\"og:description\" content=\"g\u00e9n\u00e9ration - K Prod &amp; le Royal Plaza sont heureux de vous pr\u00e9senter un Concert 100% Kabyle dans la prestigieuse salle du Casino de Paris avec : Samir SADAOUI - Kamel RAIAH et Hocine AZAR.\" \/>\n<meta property=\"og:url\" content=\"https:\/\/concertkabyle.fr\/index.php\/concerts-evenements-kabyles\/\" \/>\n<meta property=\"og:site_name\" content=\"CONCERT KABYLE.FR \u2d63\" \/>\n<meta property=\"article:publisher\" content=\"https:\/\/www.facebook.com\/TousLesConcertsKabyles\/?ref=bookmarks\" \/>\n<meta property=\"article:modified_time\" content=\"2026-01-01T18:10:04+00:00\" \/>\n<meta name=\"twitter:card\" content=\"summary_large_image\" \/>\n<meta name=\"twitter:image\" content=\"https:\/\/concertkabyle.fr\/wp-content\/uploads\/2020\/01\/79945432_2551263745109735_4470063981557448704_n.png\" \/>\n<meta name=\"twitter:label1\" content=\"Dur\u00e9e de lecture estim\u00e9e\" \/>\n\t<meta name=\"twitter:data1\" content=\"1 minute\" \/>\n<script type=\"application\/ld+json\" class=\"yoast-schema-graph\">{\"@context\":\"https:\\\/\\\/schema.org\",\"@graph\":[{\"@type\":\"WebPage\",\"@id\":\"https:\\\/\\\/concertkabyle.fr\\\/index.php\\\/concerts-evenements-kabyles\\\/\",\"url\":\"https:\\\/\\\/concertkabyle.fr\\\/index.php\\\/concerts-evenements-kabyles\\\/\",\"name\":\"Concerts-\u00c9v\u00e9nements - CONCERT KABYLE.FR \u2d63\",\"isPartOf\":{\"@id\":\"https:\\\/\\\/concertkabyle.fr\\\/#website\"},\"primaryImageOfPage\":{\"@id\":\"https:\\\/\\\/concertkabyle.fr\\\/index.php\\\/concerts-evenements-kabyles\\\/#primaryimage\"},\"image\":{\"@id\":\"https:\\\/\\\/concertkabyle.fr\\\/index.php\\\/concerts-evenements-kabyles\\\/#primaryimage\"},\"thumbnailUrl\":\"https:\\\/\\\/concertkabyle.fr\\\/wp-content\\\/uploads\\\/2020\\\/01\\\/79945432_2551263745109735_4470063981557448704_n.png\",\"datePublished\":\"2018-11-25T16:13:41+00:00\",\"dateModified\":\"2026-01-01T18:10:04+00:00\",\"description\":\"Tous Les Concerts & \u00c9v\u00e9nements Kabyles CONCERT KABYLE.FR \u2d63 CONCERT KABYLE.FR \u2d63 CONCERT KABYLE.FR \u2d63 CONCERT KABYLE.FR \u2d63\",\"breadcrumb\":{\"@id\":\"https:\\\/\\\/concertkabyle.fr\\\/index.php\\\/concerts-evenements-kabyles\\\/#breadcrumb\"},\"inLanguage\":\"fr-FR\",\"potentialAction\":[{\"@type\":\"ReadAction\",\"target\":[\"https:\\\/\\\/concertkabyle.fr\\\/index.php\\\/concerts-evenements-kabyles\\\/\"]}]},{\"@type\":\"ImageObject\",\"inLanguage\":\"fr-FR\",\"@id\":\"https:\\\/\\\/concertkabyle.fr\\\/index.php\\\/concerts-evenements-kabyles\\\/#primaryimage\",\"url\":\"https:\\\/\\\/concertkabyle.fr\\\/wp-content\\\/uploads\\\/2020\\\/01\\\/79945432_2551263745109735_4470063981557448704_n.png\",\"contentUrl\":\"https:\\\/\\\/concertkabyle.fr\\\/wp-content\\\/uploads\\\/2020\\\/01\\\/79945432_2551263745109735_4470063981557448704_n.png\",\"width\":960,\"height\":960},{\"@type\":\"BreadcrumbList\",\"@id\":\"https:\\\/\\\/concertkabyle.fr\\\/index.php\\\/concerts-evenements-kabyles\\\/#breadcrumb\",\"itemListElement\":[{\"@type\":\"ListItem\",\"position\":1,\"name\":\"Accueil\",\"item\":\"https:\\\/\\\/concertkabyle.fr\\\/\"},{\"@type\":\"ListItem\",\"position\":2,\"name\":\"Concerts-\u00c9v\u00e9nements\"}]},{\"@type\":\"WebSite\",\"@id\":\"https:\\\/\\\/concertkabyle.fr\\\/#website\",\"url\":\"https:\\\/\\\/concertkabyle.fr\\\/\",\"name\":\"concertkabyle.fr\",\"description\":\"Tous Les Concerts &amp; \u00e9v\u00e9nements kabyles\",\"potentialAction\":[{\"@type\":\"SearchAction\",\"target\":{\"@type\":\"EntryPoint\",\"urlTemplate\":\"https:\\\/\\\/concertkabyle.fr\\\/?s={search_term_string}\"},\"query-input\":{\"@type\":\"PropertyValueSpecification\",\"valueRequired\":true,\"valueName\":\"search_term_string\"}}],\"inLanguage\":\"fr-FR\"}]}<\/script>\n<!-- \/ Yoast SEO plugin. -->","yoast_head_json":{"title":"Concerts-\u00c9v\u00e9nements - CONCERT KABYLE.FR \u2d63","description":"Tous Les Concerts & \u00c9v\u00e9nements Kabyles CONCERT KABYLE.FR \u2d63 CONCERT KABYLE.FR \u2d63 CONCERT KABYLE.FR \u2d63 CONCERT KABYLE.FR \u2d63","robots":{"index":"index","follow":"follow","max-snippet":"max-snippet:-1","max-image-preview":"max-image-preview:large","max-video-preview":"max-video-preview:-1"},"canonical":"https:\/\/concertkabyle.fr\/index.php\/concerts-evenements-kabyles\/","og_locale":"fr_FR","og_type":"article","og_title":"concert Kabyle Dimanche 21 novembre 2021 \u00e0 16h au casino de paris","og_description":"g\u00e9n\u00e9ration - K Prod & le Royal Plaza sont heureux de vous pr\u00e9senter un Concert 100% Kabyle dans la prestigieuse salle du Casino de Paris avec : Samir SADAOUI - Kamel RAIAH et Hocine AZAR.","og_url":"https:\/\/concertkabyle.fr\/index.php\/concerts-evenements-kabyles\/","og_site_name":"CONCERT KABYLE.FR \u2d63","article_publisher":"https:\/\/www.facebook.com\/TousLesConcertsKabyles\/?ref=bookmarks","article_modified_time":"2026-01-01T18:10:04+00:00","twitter_card":"summary_large_image","twitter_image":"https:\/\/concertkabyle.fr\/wp-content\/uploads\/2020\/01\/79945432_2551263745109735_4470063981557448704_n.png","twitter_misc":{"Dur\u00e9e de lecture estim\u00e9e":"1 minute"},"schema":{"@context":"https:\/\/schema.org","@graph":[{"@type":"WebPage","@id":"https:\/\/concertkabyle.fr\/index.php\/concerts-evenements-kabyles\/","url":"https:\/\/concertkabyle.fr\/index.php\/concerts-evenements-kabyles\/","name":"Concerts-\u00c9v\u00e9nements - CONCERT KABYLE.FR \u2d63","isPartOf":{"@id":"https:\/\/concertkabyle.fr\/#website"},"primaryImageOfPage":{"@id":"https:\/\/concertkabyle.fr\/index.php\/concerts-evenements-kabyles\/#primaryimage"},"image":{"@id":"https:\/\/concertkabyle.fr\/index.php\/concerts-evenements-kabyles\/#primaryimage"},"thumbnailUrl":"https:\/\/concertkabyle.fr\/wp-content\/uploads\/2020\/01\/79945432_2551263745109735_4470063981557448704_n.png","datePublished":"2018-11-25T16:13:41+00:00","dateModified":"2026-01-01T18:10:04+00:00","description":"Tous Les Concerts & \u00c9v\u00e9nements Kabyles CONCERT KABYLE.FR \u2d63 CONCERT KABYLE.FR \u2d63 CONCERT KABYLE.FR \u2d63 CONCERT KABYLE.FR \u2d63","breadcrumb":{"@id":"https:\/\/concertkabyle.fr\/index.php\/concerts-evenements-kabyles\/#breadcrumb"},"inLanguage":"fr-FR","potentialAction":[{"@type":"ReadAction","target":["https:\/\/concertkabyle.fr\/index.php\/concerts-evenements-kabyles\/"]}]},{"@type":"ImageObject","inLanguage":"fr-FR","@id":"https:\/\/concertkabyle.fr\/index.php\/concerts-evenements-kabyles\/#primaryimage","url":"https:\/\/concertkabyle.fr\/wp-content\/uploads\/2020\/01\/79945432_2551263745109735_4470063981557448704_n.png","contentUrl":"https:\/\/concertkabyle.fr\/wp-content\/uploads\/2020\/01\/79945432_2551263745109735_4470063981557448704_n.png","width":960,"height":960},{"@type":"BreadcrumbList","@id":"https:\/\/concertkabyle.fr\/index.php\/concerts-evenements-kabyles\/#breadcrumb","itemListElement":[{"@type":"ListItem","position":1,"name":"Accueil","item":"https:\/\/concertkabyle.fr\/"},{"@type":"ListItem","position":2,"name":"Concerts-\u00c9v\u00e9nements"}]},{"@type":"WebSite","@id":"https:\/\/concertkabyle.fr\/#website","url":"https:\/\/concertkabyle.fr\/","name":"concertkabyle.fr","description":"Tous Les Concerts &amp; \u00e9v\u00e9nements kabyles","potentialAction":[{"@type":"SearchAction","target":{"@type":"EntryPoint","urlTemplate":"https:\/\/concertkabyle.fr\/?s={search_term_string}"},"query-input":{"@type":"PropertyValueSpecification","valueRequired":true,"valueName":"search_term_string"}}],"inLanguage":"fr-FR"}]}},"_links":{"self":[{"href":"https:\/\/concertkabyle.fr\/index.php\/wp-json\/wp\/v2\/pages\/10","targetHints":{"allow":["GET"]}}],"collection":[{"href":"https:\/\/concertkabyle.fr\/index.php\/wp-json\/wp\/v2\/pages"}],"about":[{"href":"https:\/\/concertkabyle.fr\/index.php\/wp-json\/wp\/v2\/types\/page"}],"author":[{"embeddable":true,"href":"https:\/\/concertkabyle.fr\/index.php\/wp-json\/wp\/v2\/users\/2"}],"replies":[{"embeddable":true,"href":"https:\/\/concertkabyle.fr\/index.php\/wp-json\/wp\/v2\/comments?post=10"}],"version-history":[{"count":218,"href":"https:\/\/concertkabyle.fr\/index.php\/wp-json\/wp\/v2\/pages\/10\/revisions"}],"predecessor-version":[{"id":1927,"href":"https:\/\/concertkabyle.fr\/index.php\/wp-json\/wp\/v2\/pages\/10\/revisions\/1927"}],"wp:featuredmedia":[{"embeddable":true,"href":"https:\/\/concertkabyle.fr\/index.php\/wp-json\/wp\/v2\/media\/668"}],"wp:attachment":[{"href":"https:\/\/concertkabyle.fr\/index.php\/wp-json\/wp\/v2\/media?parent=10"}],"curies":[{"name":"wp","href":"https:\/\/api.w.org\/{rel}","templated":true}]}}